{"id":804,"date":"2021-01-26T22:20:54","date_gmt":"2021-01-26T21:20:54","guid":{"rendered":"https:\/\/www.pipolcongres.eu\/pipol-team\/"},"modified":"2025-07-05T21:58:19","modified_gmt":"2025-07-05T19:58:19","slug":"pipol-team","status":"publish","type":"page","link":"https:\/\/www.pipolcongres.eu\/it\/pipol-team\/","title":{"rendered":"Pipol Team"},"content":{"rendered":"<div class=\"pf-content\"><h2 style=\"text-align: center;\"><strong>Commission Pipol 12<\/strong><\/h2>\n<p><strong>Direction<\/strong> : Katty Langelez-Stevens<\/p>\n<p><strong>Secr\u00e9tariat\u00a0<\/strong>: Anne Semaille<\/p>\n<p><strong>Budget\u00a0<\/strong>: Anne Debecker<\/p>\n<p><strong>Journ\u00e9e des Simultan\u00e9es<\/strong> : Bruno de Halleux et Els Vancompernolle<\/p>\n<p><strong>Journ\u00e9e pl\u00e9ni\u00e8re<\/strong> : Guy Briole, D\u00e9borah Gutermann-Jacquet, Philippe Benichou et Camilo Ramirez<\/p>\n<p><strong>Commission scientifique<\/strong> : Dominique Holvoet, Guy Poblome et Alexandre Stevens<\/p>\n<p><strong>Le blog\u00a0<\/strong>: Anne Chaumont et Nathalie Crame<\/p>\n<p><em>Mise en place <\/em>: Dominique Holvoet<br \/>\n<em>Mise en ligne <\/em>: Marie Bruwier<br \/>\n<em>Illustrations <\/em>: Juliette Lauwers<br \/>\n<em>Traductions <\/em>: Micaela Frattura et Itxaso Muro<\/p>\n<p><em>Vid\u00e9os <\/em>: C\u00e9cilia Naranjo<\/p>\n<p><em>Podcasts<\/em> : Fatiha Belghomari avec Luciana Zafimaharo, Marjorie Chomel, Angela Ricci, Isabelle Geoffroy, Coryse Boissou<\/p>\n<p><strong>Bibliographie\u00a0<\/strong>: Marie-Claude Lacroix et Anne Weinstein<\/p>\n<p><em>English<\/em><strong>\u00a0<\/strong>: Sophia Berouka, avec Nicolas Duchenne, Susan McFeely, Despoina Bougiouka, Alan Rowan, Nefeli Paraskevi Pap, Sarah Birgani, Yiannis Grammatopoul, Malgorzata Lawniczek, Sioned Huws, Theodoros Valamoutop, Susana Huler, Demetris Pachnis, Maciej Kolasa<\/p>\n<p><em>Espa\u00f1ol<\/em><strong>\u00a0<\/strong>: Concha Lechon, avec Ivan Navarro, Alejandro Tolosa, Mirna Pol, Est\u00edbaliz Cotos, Andr\u00e9s Diaz, Rosa Godinez, Begona Isasi, Marta Maside, Eduardo Velazquez, Graciela Olivari, Jose Manuel de Manuel, Lara Gracia, Marjorie Gutierrez, Josep Maria Pan\u00e9s, Iria Rodriguez, Catherine Salamanca, Ali Salom, Inmaculada Martin, Trinidad Valente,<\/p>\n<p><em>Fran\u00e7ais<\/em> : Marie-Claude Lacroix et Anne Weinstein, avec Mahe Aja, Christophe Le Thorel, Marion Evin, Carla Bianchini, Marie Bruwier, Marie-Fran\u00e7oise De Munk, Jean-Fran\u00e7ois Lebrun, Sacha Wilkin, Violaine Clement, Maria Alba de Luna, Anne Elisabeth Labenne, Karin Bautier, Sophie Charles, Justine Junius, Anne-Marie Devaux, Anne-Sophie Delaleu, Cindy Legrand, Carina Arantes Faria, Charlotte Laurent, Gali Weinstein, Chris Alexandris, Iseut Thieffry, Sina Foroughi, Sophie Boucquey<\/p>\n<p>Merci aux conseils du cartel :<\/p>\n<div dir=\"ltr\" data-setdir=\"false\">Philippe Benichou, Anne Chaumont, Violaine Cl\u00e9ment, Nathalie Crame, Jean-Claude Encalado, Marie-Claude Lacroix, J\u00e9r\u00f4me Lecaux, Pierre Malengreau, Ginette Michaux, Nadine Page, Claire Piette, Pascale Simonet, Anne Weinstein<\/div>\n<p><em>Italiano<\/em> : Sara Bordo, avec Vanessa Leone, Giulia Grillo, Massimiliano Rielli, Maura Gaudenzi, Maura Ragni, Alberto Tuccio<\/p>\n<p><strong>Presse <\/strong>: V\u00e9ronique Pipers<\/p>\n<p><strong>R\u00e9seaux sociaux\u00a0<\/strong>: Sacha Wilkin, avec Fatiha Belghomari, Elisa Cuvillier, Paulina Tanterl, Angel Angelov, Kepa Torrealdai, Maria Rita Conrado, Alejandro Tolosa, Umberto Cavalli, Patrizia Nobili, Roberto Pozzeti, Eleonora Renna, Olga Sakson-Obada, Carolina Martini, Eloise Kurtz, Angela Ragnetti, Marianna Matteoni, Tsvetelina Ivanova, Laurence Malghem, Alasdair Duncan, Capucine Dorkel<\/p>\n<p><strong>Soir\u00e9e\u00a0<\/strong>: Chiara Stella Aquino Benitez<\/p>\n<p><strong>Librairie\u00a0<\/strong>: Claire Piette<\/p>\n<p><strong>Logements\u00a0<\/strong>: Marine David<\/p>\n<p><strong>Le bureau de l\u2019EuroF\u00e9d\u00e9ration de Psychanalyse<\/strong>\u00a0: Guy Briole \u2013 pr\u00e9sident, Camilo Ramirez \u2013 secr\u00e9taire, Philippe Benichou \u2013 tr\u00e9sorier<\/p>\n<p><strong>Relais EuroF\u00e9d\u00e9ration de Psychanalyse<\/strong> : Pepa Freira \u2013 ELP (Espagne), Anna Pigkou \u2013 NLS (Europe), St\u00e9phanie Lavigne \u2013 ECF (France), Chiara Nicastri \u2013 SLP (Italie)<\/p>\n<h2 style=\"text-align: center;\"><strong>ITeam BLOG FaMIL<\/strong><\/h2>\n<p><strong>Responsables du blog\u00a0<\/strong>: Anne Chaumont et Nathalie Crame<\/p>\n<p><strong>Comit\u00e9 mise en ligne\/en page\u00a0<\/strong>: Marie Bruwier et Dominique Holvoet<\/p>\n<p><strong>Responsables des rubriques\u00a0<\/strong>: Francesca Biagi Chai, Philippe Giovanelli, Mathieu Siriot, Laura Storti,\u00a0Nadine Page, Araceli Texeido<\/p>\n<p><strong>Comit\u00e9 \u00e9dition\u00a0(fran\u00e7ais)\u00a0<\/strong>: Claire Piette et Val\u00e9rie Lorette, avec Marie-Claude Lacroix, Anne Semaille, Anne Weinstein, Maud Ferauge, Pascal Docquiert, Karin Bautier, Jean-Claude Encalado, C\u00e9cile Glineur, Anne-Fran\u00e7oise Mouchamps, Judith Zabala, Catherine Heule, Justine Junius, Ariane Oger, Marine David, H\u00e9l\u00e8ne Coppens, Chiara Aquino Benitez, Christophe Lethorel, Jean-Philippe Cornet, Pierre Jacobs, Nicolas Moyson, H\u00e9loise Guilmot, Colette Richard, Jean-Fran\u00e7ois Lebrun, Karine Soubaign\u00e9, Christine Dabin, Emmanuelle Arnaud, Isabelle Pontecaille, Cl\u00e9lia Epsteyn, Isabelle Miraglio, Anne Pignon, Claude Oger, Sophie Boucquey<\/p>\n<p><strong>Traducteurs\/Relecteurs <\/strong>:<\/p>\n<p>Robyn Adler, Polina Agapaki, Salvina Alba, Carolina Aldana, Katia Alvarez, Marie-Jo Asnoun, Silvana Belmudes, Ana Berton, Lore Buchner, Sofia Buscaglia, Francesca Carmignani, Lea Caron, Alba Cifuentes, Linda Clarke, Giuseppe Covelli, Alasdair Duncan, Aline Esquerre, Cinthya Estrada, Montserrat Eulalia Gil, Tracy Favre, Caroline Hapiette, Ana-Marija Kroker, Norma Lafuente, Jean-Fran\u00e7ois Lebrun, Clelia Leo, Val\u00e9rie Loiseau, Elena Madera, Ivana Maffrand, Max Maher, Laurence Maman, Susan McFeely, Eric Mercier, Raphael Montague, Rosana Montani, Patricio Moreno, C\u00e9cilia Naranjo, Kawtar Omary, V\u00e9ronique Outrebon, Marlith Pachao, Arianna Pagliardini, Ilaria Papandrea, Micaela Parici, Elda Perelli, Michela Perini, Tom\u00e0s Piotto, Silvia Portesi, Manuela Rabesahala, Maura Ragni, Liliana Rodriguez Zambrano, Emanuela Sabatini, Luciana Fracchia, C\u00e9cilia Scovenna, Jeroen Sollie, Aur\u00e9lie Solliec, Dana Tor, Rita Ungania, Lionel Vallat, Jesica Varela, Carolina Vignoli, Wendy Vives, Dominique Wintrebert, Bogdan Wolf, Andrea Zuniga, Nelda Ajo Murray, Marianna Matteoni, Florencia Cinquemani, Maria Luisa Alkorta<\/p>\n<p><strong>Comit\u00e9 de r\u00e9daction : <\/strong>Philippe Bouillot, Neus Carbonnel, Juliette Lauwers, Pierre Malengreau, C\u00e9line Menghi, Neus Carbonnel et Alfredo Zenoni<\/p>\n<\/div>","protected":false},"excerpt":{"rendered":"<p>Commission Pipol 12 Direction : Katty Langelez-Stevens Secr\u00e9tariat\u00a0: Anne Semaille Budget\u00a0: Anne Debecker Journ\u00e9e des Simultan\u00e9es : Bruno de Halleux et Els Vancompernolle Journ\u00e9e pl\u00e9ni\u00e8re : Guy Briole, D\u00e9borah Gutermann-Jacquet, Philippe Benichou et Camilo Ramirez Commission scientifique : Dominique Holvoet, Guy Poblome et Alexandre Stevens Le blog\u00a0: Anne Chaumont et Nathalie Crame Mise en place [&hellip;]<\/p>\n","protected":false},"author":3,"featured_media":0,"parent":0,"menu_order":0,"comment_status":"closed","ping_status":"closed","template":"","meta":[],"yoast_head":"<!-- This site is optimized with the Yoast SEO plugin v15.5 - https:\/\/yoast.com\/wordpress\/plugins\/seo\/ -->\n<title>Pipol Team - Pipol Congr\u00e8s<\/title>\n<meta name=\"robots\" content=\"index, follow, max-snippet:-1, max-image-preview:large, max-video-preview:-1\" \/>\n<link rel=\"canonical\" href=\"https:\/\/www.pipolcongres.eu\/it\/pipol-team\/\" \/>\n<meta property=\"og:locale\" content=\"it_IT\" \/>\n<meta property=\"og:type\" content=\"article\" \/>\n<meta property=\"og:title\" content=\"Pipol Team - Pipol Congr\u00e8s\" \/>\n<meta property=\"og:description\" content=\"Commission Pipol 12 Direction : Katty Langelez-Stevens Secr\u00e9tariat\u00a0: Anne Semaille Budget\u00a0: Anne Debecker Journ\u00e9e des Simultan\u00e9es : Bruno de Halleux et Els Vancompernolle Journ\u00e9e pl\u00e9ni\u00e8re : Guy Briole, D\u00e9borah Gutermann-Jacquet, Philippe Benichou et Camilo Ramirez Commission scientifique : Dominique Holvoet, Guy Poblome et Alexandre Stevens Le blog\u00a0: Anne Chaumont et Nathalie Crame Mise en place [&hellip;]\" \/>\n<meta property=\"og:url\" content=\"https:\/\/www.pipolcongres.eu\/it\/pipol-team\/\" \/>\n<meta property=\"og:site_name\" content=\"Pipol Congr\u00e8s\" \/>\n<meta property=\"article:publisher\" content=\"https:\/\/www.facebook.com\/share\/12D7tEQ44kL\/?mibextid=LQQJ4d\" \/>\n<meta property=\"article:modified_time\" content=\"2025-07-05T19:58:19+00:00\" \/>\n<meta name=\"twitter:card\" content=\"summary_large_image\" \/>\n<meta name=\"twitter:label1\" content=\"Tempo di lettura stimato\">\n\t<meta name=\"twitter:data1\" content=\"3 minuti\">\n<script type=\"application\/ld+json\" class=\"yoast-schema-graph\">{\"@context\":\"https:\/\/schema.org\",\"@graph\":[{\"@type\":\"WebSite\",\"@id\":\"https:\/\/www.pipolcongres.eu\/it\/#website\",\"url\":\"https:\/\/www.pipolcongres.eu\/it\/\",\"name\":\"Pipol Congr\\u00e8s\",\"description\":\"\",\"potentialAction\":[{\"@type\":\"SearchAction\",\"target\":\"https:\/\/www.pipolcongres.eu\/it\/?s={search_term_string}\",\"query-input\":\"required name=search_term_string\"}],\"inLanguage\":\"it-IT\"},{\"@type\":\"WebPage\",\"@id\":\"https:\/\/www.pipolcongres.eu\/it\/pipol-team\/#webpage\",\"url\":\"https:\/\/www.pipolcongres.eu\/it\/pipol-team\/\",\"name\":\"Pipol Team - Pipol Congr\\u00e8s\",\"isPartOf\":{\"@id\":\"https:\/\/www.pipolcongres.eu\/it\/#website\"},\"datePublished\":\"2021-01-26T21:20:54+00:00\",\"dateModified\":\"2025-07-05T19:58:19+00:00\",\"inLanguage\":\"it-IT\",\"potentialAction\":[{\"@type\":\"ReadAction\",\"target\":[\"https:\/\/www.pipolcongres.eu\/it\/pipol-team\/\"]}]}]}<\/script>\n<!-- \/ Yoast SEO plugin. -->","_links":{"self":[{"href":"https:\/\/www.pipolcongres.eu\/it\/wp-json\/wp\/v2\/pages\/804"}],"collection":[{"href":"https:\/\/www.pipolcongres.eu\/it\/wp-json\/wp\/v2\/pages"}],"about":[{"href":"https:\/\/www.pipolcongres.eu\/it\/wp-json\/wp\/v2\/types\/page"}],"author":[{"embeddable":true,"href":"https:\/\/www.pipolcongres.eu\/it\/wp-json\/wp\/v2\/users\/3"}],"replies":[{"embeddable":true,"href":"https:\/\/www.pipolcongres.eu\/it\/wp-json\/wp\/v2\/comments?post=804"}],"version-history":[{"count":2,"href":"https:\/\/www.pipolcongres.eu\/it\/wp-json\/wp\/v2\/pages\/804\/revisions"}],"predecessor-version":[{"id":8900,"href":"https:\/\/www.pipolcongres.eu\/it\/wp-json\/wp\/v2\/pages\/804\/revisions\/8900"}],"wp:attachment":[{"href":"https:\/\/www.pipolcongres.eu\/it\/wp-json\/wp\/v2\/media?parent=804"}],"curies":[{"name":"wp","href":"https:\/\/api.w.org\/{rel}","templated":true}]}}