{"id":4362,"date":"2023-02-26T08:56:09","date_gmt":"2023-02-26T07:56:09","guid":{"rendered":"https:\/\/www.pipolcongres.eu\/sorganiser\/"},"modified":"2025-03-05T19:08:32","modified_gmt":"2025-03-05T18:08:32","slug":"organizacion","status":"publish","type":"page","link":"https:\/\/www.pipolcongres.eu\/es\/organizacion\/","title":{"rendered":"Organizaci\u00f3n"},"content":{"rendered":"<div class=\"pf-content\"><p class=\"tm7\"><strong><span class=\"tm9\">\u00bfC\u00f3mo llegar a Bruselas?<\/span><\/strong><\/p>\n<p class=\"tm11\"><span class=\"tm12\">\u00a0<\/span><strong><span class=\"tm15\">EN AVI\u00d3N:<\/span><\/strong><\/p>\n<p class=\"tm11\"><span class=\"tm16\">Para reservar su vuelo al mejor precio, no dude en consultar los comparadores de precios en la web :<\/span><\/p>\n<p class=\"tm11\"><span class=\"tm12\">\u00a0<\/span><\/p>\n<p class=\"tm11\"><span class=\"tm17\">&#8211; www.billet-avion.be<\/span><\/p>\n<p class=\"tm11\"><span class=\"tm17\">&#8211; http:\/\/www.momondo.be<\/span><\/p>\n<p class=\"tm11\"><span class=\"tm17\">&#8211; http:\/\/www.jetcost.com<\/span><\/p>\n<p class=\"tm11\"><span class=\"tm17\">&#8211; http:\/\/www.comparateur-billet-avion.fr<\/span><\/p>\n<p class=\"tm11\"><span class=\"tm17\">&#8211; <\/span><a href=\"https:\/\/www.opodo.fr\/\"><span class=\"tm18\">https:\/\/www.opodo.fr\/<\/span><\/a><\/p>\n<p class=\"tm11\"><span class=\"tm12\">\u00a0<\/span><\/p>\n<p class=\"tm20\"><span class=\"tm21\">B\u00e9lgica cuenta con dos aeropuertos: Brussels Airport-Zaventem y Brussels South Charleroi Airport. <\/span><\/p>\n<p class=\"tm20\"><span class=\"tm21\">En Zaventem: el tren le lleva directamente al centro de Bruselas desde la estaci\u00f3n situada en el hall de salidas y llegadas. Planifique su viaje y consulte los horarios de la SNCB en <\/span><u><span class=\"tm21\">belgiantrain.be<\/span><\/u><span class=\"tm21\">.<\/span><\/p>\n<p class=\"tm20\"><span class=\"tm21\">En Charleroi: se organizan salidas en autob\u00fas o en transporte compartido para conectar Charleroi con Bruselas.<\/span><\/p>\n<p class=\"tm14\"><strong><span class=\"tm15\">EN TREN:<\/span><\/strong><\/p>\n<p class=\"tm20\"><span class=\"tm21\">A\u00fan no se han anunciado los precios, pero podr\u00e1 reservar unos meses antes de la fecha del congreso PIPOL 12 (en enero, es posible reservar para principios de mayo). No obstante, los precios pueden variar en funci\u00f3n de los plazos y horarios de reserva (tarifas m\u00e1s elevadas en hora <\/span><span class=\"tm21\">punta<\/span><span class=\"tm21\">).<\/span><\/p>\n<p class=\"tm20\"><strong><span class=\"tm22\">Desde Francia, Gran Breta\u00f1a, Pa\u00edses Bajos y Suiza, <\/span><\/strong><span class=\"tm21\">el Eurostar se detiene en la estaci\u00f3n de Midi.<\/span><\/p>\n<p class=\"tm11\"><span class=\"tm12\">\u00a0<\/span><\/p>\n<p class=\"tm24\"><span class=\"tm17\">http:\/\/www.eurostar.com<\/span><\/p>\n<p class=\"tm20\"><span class=\"tm17\">https:\/\/www.b-europe.com<\/span><\/p>\n<p class=\"tm20\"><span class=\"tm21\">Se puede llegar al congreso desde la estaci\u00f3n de Midi en tren o transporte p\u00fablico. <\/span><\/p>\n<p class=\"tm14\"><strong><span class=\"tm15\">EN AUTOM\u00d3VIL:<\/span><\/strong><\/p>\n<p class=\"tm20\"><span class=\"tm16\">Por razones pr\u00e1cticas, desaconsejamos el uso del autom\u00f3vil para llegar a PIPOL. No obstante, si no cuenta con otra opci\u00f3n, le recordamos que el aparcamiento en el centro de Bruselas no es gratuito (los billetes est\u00e1n limitados a 2 horas en ciertas zonas). <\/span><\/p>\n<p class=\"tm20\"><span class=\"tm16\">Existen una decena de aparcamientos en la ciudad, que podr\u00e1 encontrar en varias p\u00e1ginas de comparaci\u00f3n donde podr\u00e1 reservar su plaza (<\/span><span class=\"tm17\">www.bepark.eu &#8211; <\/span><a href=\"https:\/\/www.onepark.fr\/\"><span class=\"tm18\">https:\/\/www.onepark.fr<\/span><\/a><span class=\"tm16\">). En nuestra capital hay muchas empresas de aparcamientos (<\/span><span class=\"tm17\">www.interparking.be<\/span><span class=\"tm16\">). Los aparcamientos m\u00e1s cercanos al congreso son el de la plaza Albertine, situado justo debajo del Palacio de Congresos (<\/span><span class=\"tm17\">http:\/\/www.interparking.be\/fr-BE\/find-parking\/Albertine-Square\/<\/span><span class=\"tm16\">) y el aparcamiento Royal, accesible desde la rue de Ligne (<\/span><span class=\"tm17\">https:\/\/www.parking-royal.be<\/span><span class=\"tm16\">), cerca de la rue Royale.<\/span><\/p>\n<p class=\"tm7\"><strong><span class=\"tm9\">Desplazarse por Bruselas<\/span><\/strong><\/p>\n<p class=\"tm11\"><span class=\"tm12\">\u00a0<\/span><\/p>\n<p class=\"tm11\"><span class=\"tm21\">Servicio de Transporte P\u00fablico de Bruselas STIB:<\/span><\/p>\n<p class=\"tm11\"><span class=\"tm17\">http:\/\/www.stib-mivb.be\/<\/span><\/p>\n<p class=\"tm11\"><span class=\"tm21\">\u00a0<\/span><\/p>\n<p class=\"tm11\"><span class=\"tm21\">Compa\u00f1\u00eda Nacional de Ferrocarriles Belgas SNCB:<\/span><\/p>\n<p class=\"tm11\"><span class=\"tm17\">http:\/\/www.belgianrail.be<\/span><\/p>\n<p class=\"tm11\"><span class=\"tm21\">\u00a0<\/span><\/p>\n<p class=\"tm11\"><span class=\"tm21\">Algunas compa\u00f1\u00edas de taxis (cada una con su propia App):<\/span><\/p>\n<p class=\"tm11\"><a href=\"http:\/\/www.taxi-bruxelles.be\/\"><span class=\"tm18\">http:\/\/www.taxi-bruxelles.be<\/span><\/a><\/p>\n<p class=\"tm11\"><a href=\"http:\/\/www.taxisverts.be\/\"><span class=\"tm18\">http:\/\/www.taxisverts.be<\/span><\/a><\/p>\n<p class=\"tm11\"><a href=\"http:\/\/www.taxisbleus.be\/\"><span class=\"tm18\">http:\/\/www.taxisbleus.be<\/span><\/a><\/p>\n<p class=\"tm11\"><span class=\"tm12\">\u00a0<\/span><\/p>\n<p class=\"tm7\"><strong><span class=\"tm9\">Alojamiento en Bruselas<\/span><\/strong><\/p>\n<p class=\"tm20\"><span class=\"tm16\">Los participantes de las Jornadas PIPOL 12 que busquen alojamiento en Bruselas el fin de semana del congreso encontrar\u00e1n a continuaci\u00f3n toda la informaci\u00f3n necesaria para encontrar un lugar acorde:<\/span><\/p>\n<p class=\"tm11\"><span class=\"tm12\">\u00a0<\/span><\/p>\n<p class=\"tm14\"><strong><em><span class=\"tm26\">PARA LOS M\u00c1S PREVISORES:<\/span><\/em><\/strong><\/p>\n<p class=\"tm20\"><span class=\"tm16\">El <\/span><em><span class=\"tm28\">Brussels Booking Desk<\/span><\/em><span class=\"tm16\"> es un servicio de la Oficina de Turismo de la ciudad de Bruselas que negocia gratuitamente los m\u00e1rgenes de los pedidos masivos de habitaciones de hotel. <\/span><strong><span class=\"tm27\">Hemos trabajado en colaboraci\u00f3n con ellos para ofrecerle esta plataforma de reservas.<\/span><\/strong><span class=\"tm16\"> Este servicio es gratuito para los delegados de la conferencia, y ofrece precios m\u00e1s econ\u00f3micos que la mayor\u00eda de los sitios de reservas en l\u00ednea, as\u00ed como un enfoque m\u00e1s \u00e9tico de la negociaci\u00f3n con los hoteleros. <\/span><strong><span class=\"tm27\">Los hoteles se bloquean para los participantes hasta un mes antes de la fecha del Congreso. El n\u00famero de habitaciones disponibles para los participantes est\u00e1 limitado, no tarde si desea beneficiarse de este servicio.<\/span><\/strong><\/p>\n<p class=\"tm11\"><span class=\"tm16\">Reserve en l\u00ednea, \u00a1confirmaci\u00f3n directa de la reserva!<\/span><\/p>\n<p class=\"tm11\"><span class=\"tm12\">\u00a0<\/span><\/p>\n<p class=\"tm11\"><span class=\"tm16\">Para<\/span> <span class=\"tm16\">beneficiarse de la tarifa preferente anunciada, su reserva deber\u00e1 llegar a Brussels Booking Desk<\/span> <strong><span class=\"tm22\">antes del 11 de junio de 2025, utilizando el siguiente enlace:<\/span><\/strong> <a href=\"https:\/\/secure.hotel.visitbrussels.be\/event\/pipol-12\/congress\/search\"><span class=\"tm18\">https:\/\/secure.hotel.visitbrussels.be\/event\/pipol-12\/congress\/search<\/span><\/a><\/p>\n<p class=\"tm11\"><span class=\"tm12\">\u00a0<\/span><\/p>\n<p class=\"tm11\"><strong><span class=\"tm27\">\u00bfNecesita ayuda? \u00bfReservas grupales?<\/span><\/strong><\/p>\n<p class=\"tm11\"><span class=\"tm12\">\u00a0<\/span><\/p>\n<p class=\"tm11\"><span class=\"tm16\">Alissa Poppe, Experta en Reservas, Brussels Booking Desk<\/span><\/p>\n<p class=\"tm11\"><span class=\"tm16\">Tel\u00e9fono: 0032 471 57 53 00 &#8211; Correo electr\u00f3nico:<\/span> <span class=\"tm17\">alissa@brusselsbookingdesk.be<\/span><\/p>\n<p class=\"tm11\"><span class=\"tm12\">\u00a0<\/span><\/p>\n<p class=\"tm14\"><strong><em><span class=\"tm26\">PARA LOS ORGANIZADOS:<\/span><\/em><\/strong><\/p>\n<p class=\"tm11\"><span class=\"tm16\">Existen varios sitios de reservas en l\u00ednea muy conocidos donde podr\u00e1 reservar r\u00e1pidamente una habitaci\u00f3n de hotel cerca del Palacio del Congreso o con f\u00e1cil acceso en transporte p\u00fablico:<\/span><\/p>\n<p class=\"tm11\"><span class=\"tm17\">http:\/\/www.booking.com<\/span><\/p>\n<p class=\"tm11\"><span class=\"tm17\">https:\/\/www.tripadvisor.be<\/span><\/p>\n<p class=\"tm11\"><a href=\"http:\/\/www.lastminute.com\/\"><span class=\"tm18\">http:\/\/www.lastminute.com<\/span><\/a><\/p>\n<p class=\"tm11\"><span class=\"tm17\">\u00a0<\/span><\/p>\n<p class=\"tm11\"><span class=\"tm16\">Un comparador de precios le permite comprobar simult\u00e1neamente los precios para ver qu\u00e9 oferta es la m\u00e1s econ\u00f3mica: <\/span><span class=\"tm17\">http:\/\/hotelabruxelles.com<\/span><\/p>\n<p class=\"tm11\"><span class=\"tm18\">Tambi\u00e9n contiene un repertorio con valiosa informaci\u00f3n sobre \u201cBed and Breakfasts\u201d, restaurantes, servicios de taxi, actividades culturales, etc.:<\/span><\/p>\n<p class=\"tm11\"><a href=\"http:\/\/hotelabruxelles.com\/sites-utiles.htm\"><span class=\"tm18\">http:\/\/hotelabruxelles.com\/sites-utiles.htm<\/span><\/a><\/p>\n<p class=\"tm11\"><span class=\"tm12\">\u00a0<\/span><\/p>\n<p class=\"tm11\"><strong><em><span class=\"tm26\">PARA LOS QUE TIENEN UN PRESUPUESTO LIMITADO:<\/span><\/em><\/strong><\/p>\n<p class=\"tm11\"><span class=\"tm18\">Algunas p\u00e1ginas en l\u00ednea que requieren inscripci\u00f3n ofrecen alojamiento privado a precios reducidos o sof\u00e1s y habitaciones en casas particulares:<\/span><\/p>\n<p class=\"tm11\"><span class=\"tm17\">https:\/\/www.airbnb.be<\/span><\/p>\n<p class=\"tm11\"><a href=\"https:\/\/www.couchsurfing.com\/\"><span class=\"tm18\">https:\/\/www.couchsurfing.com<\/span><\/a><\/p>\n<p class=\"tm11\"><span class=\"tm17\">\u00a0<\/span><\/p>\n<p class=\"tm11\"><span class=\"tm18\"><a id=\"aheading_h_gjdgxs\"><\/a>Para garantizar que todos puedan encontrar alojamiento, tambi\u00e9n se ofrecer\u00e1 lugar en casas particulares para los colegas que lo soliciten y en funci\u00f3n de la disponibilidad que ofrezcan los colegas de Bruselas.<\/span><\/p>\n<p class=\"tm11\"><span class=\"tm18\">Las solicitudes y los detalles respecto a la disponibilidad deben consultarse por correo electr\u00f3nico con Marine David: <\/span><span class=\"tm17\">marinedavid1@gmail.com<\/span><\/p>\n<p class=\"Normal\">\n<\/div>","protected":false},"excerpt":{"rendered":"<p>\u00bfC\u00f3mo llegar a Bruselas? \u00a0EN AVI\u00d3N: Para reservar su vuelo al mejor precio, no dude en consultar los comparadores de precios en la web : \u00a0 &#8211; www.billet-avion.be &#8211; http:\/\/www.momondo.be &#8211; http:\/\/www.jetcost.com &#8211; http:\/\/www.comparateur-billet-avion.fr &#8211; https:\/\/www.opodo.fr\/ \u00a0 B\u00e9lgica cuenta con dos aeropuertos: Brussels Airport-Zaventem y Brussels South Charleroi Airport. En Zaventem: el tren le lleva [&hellip;]<\/p>\n","protected":false},"author":3,"featured_media":0,"parent":0,"menu_order":0,"comment_status":"closed","ping_status":"closed","template":"","meta":[],"yoast_head":"<!-- This site is optimized with the Yoast SEO plugin v15.5 - https:\/\/yoast.com\/wordpress\/plugins\/seo\/ -->\n<title>Organizaci\u00f3n - Pipol Congr\u00e8s<\/title>\n<meta name=\"robots\" content=\"index, follow, max-snippet:-1, max-image-preview:large, max-video-preview:-1\" \/>\n<link rel=\"canonical\" href=\"https:\/\/www.pipolcongres.eu\/es\/organizacion\/\" \/>\n<meta property=\"og:locale\" content=\"es_ES\" \/>\n<meta property=\"og:type\" content=\"article\" \/>\n<meta property=\"og:title\" content=\"Organizaci\u00f3n - Pipol Congr\u00e8s\" \/>\n<meta property=\"og:description\" content=\"\u00bfC\u00f3mo llegar a Bruselas? \u00a0EN AVI\u00d3N: Para reservar su vuelo al mejor precio, no dude en consultar los comparadores de precios en la web : \u00a0 &#8211; www.billet-avion.be &#8211; http:\/\/www.momondo.be &#8211; http:\/\/www.jetcost.com &#8211; http:\/\/www.comparateur-billet-avion.fr &#8211; https:\/\/www.opodo.fr\/ \u00a0 B\u00e9lgica cuenta con dos aeropuertos: Brussels Airport-Zaventem y Brussels South Charleroi Airport. En Zaventem: el tren le lleva [&hellip;]\" \/>\n<meta property=\"og:url\" content=\"https:\/\/www.pipolcongres.eu\/es\/organizacion\/\" \/>\n<meta property=\"og:site_name\" content=\"Pipol Congr\u00e8s\" \/>\n<meta property=\"article:publisher\" content=\"https:\/\/www.facebook.com\/share\/12D7tEQ44kL\/?mibextid=LQQJ4d\" \/>\n<meta property=\"article:modified_time\" content=\"2025-03-05T18:08:32+00:00\" \/>\n<meta name=\"twitter:card\" content=\"summary_large_image\" \/>\n<meta name=\"twitter:label1\" content=\"Tiempo de lectura\">\n\t<meta name=\"twitter:data1\" content=\"3 minutos\">\n<script type=\"application\/ld+json\" class=\"yoast-schema-graph\">{\"@context\":\"https:\/\/schema.org\",\"@graph\":[{\"@type\":\"WebSite\",\"@id\":\"https:\/\/www.pipolcongres.eu\/es\/#website\",\"url\":\"https:\/\/www.pipolcongres.eu\/es\/\",\"name\":\"Pipol Congr\\u00e8s\",\"description\":\"\",\"potentialAction\":[{\"@type\":\"SearchAction\",\"target\":\"https:\/\/www.pipolcongres.eu\/es\/?s={search_term_string}\",\"query-input\":\"required name=search_term_string\"}],\"inLanguage\":\"es\"},{\"@type\":\"WebPage\",\"@id\":\"https:\/\/www.pipolcongres.eu\/es\/organizacion\/#webpage\",\"url\":\"https:\/\/www.pipolcongres.eu\/es\/organizacion\/\",\"name\":\"Organizaci\\u00f3n - Pipol Congr\\u00e8s\",\"isPartOf\":{\"@id\":\"https:\/\/www.pipolcongres.eu\/es\/#website\"},\"datePublished\":\"2023-02-26T07:56:09+00:00\",\"dateModified\":\"2025-03-05T18:08:32+00:00\",\"inLanguage\":\"es\",\"potentialAction\":[{\"@type\":\"ReadAction\",\"target\":[\"https:\/\/www.pipolcongres.eu\/es\/organizacion\/\"]}]}]}<\/script>\n<!-- \/ Yoast SEO plugin. -->","_links":{"self":[{"href":"https:\/\/www.pipolcongres.eu\/es\/wp-json\/wp\/v2\/pages\/4362"}],"collection":[{"href":"https:\/\/www.pipolcongres.eu\/es\/wp-json\/wp\/v2\/pages"}],"about":[{"href":"https:\/\/www.pipolcongres.eu\/es\/wp-json\/wp\/v2\/types\/page"}],"author":[{"embeddable":true,"href":"https:\/\/www.pipolcongres.eu\/es\/wp-json\/wp\/v2\/users\/3"}],"replies":[{"embeddable":true,"href":"https:\/\/www.pipolcongres.eu\/es\/wp-json\/wp\/v2\/comments?post=4362"}],"version-history":[{"count":2,"href":"https:\/\/www.pipolcongres.eu\/es\/wp-json\/wp\/v2\/pages\/4362\/revisions"}],"predecessor-version":[{"id":7966,"href":"https:\/\/www.pipolcongres.eu\/es\/wp-json\/wp\/v2\/pages\/4362\/revisions\/7966"}],"wp:attachment":[{"href":"https:\/\/www.pipolcongres.eu\/es\/wp-json\/wp\/v2\/media?parent=4362"}],"curies":[{"name":"wp","href":"https:\/\/api.w.org\/{rel}","templated":true}]}}